{"id":2,"date":"2019-01-13T17:46:04","date_gmt":"2019-01-13T17:46:04","guid":{"rendered":"https:\/\/albertbiangonga.cf\/site\/?page_id=2"},"modified":"2022-09-06T20:29:41","modified_gmt":"2022-09-06T20:29:41","slug":"a-propos","status":"publish","type":"page","link":"https:\/\/albertbiangonga.cf\/site\/a-propos\/","title":{"rendered":"\u00c0 propos"},"content":{"rendered":"<div class=\"wp-block-image\">\n<figure class=\"alignright size-thumbnail\"><img loading=\"lazy\" decoding=\"async\" width=\"150\" height=\"150\" src=\"https:\/\/albertbiangonga.cf\/site\/wp-content\/uploads\/2019\/01\/20258177_1580902915274132_4506165433641752300_n-150x150.jpg\" alt=\"\" class=\"wp-image-62\"\/><\/figure><\/div>\n\n\n<p>N\u00e9 \u00e0 Mindouli, R\u00e9publique du Congo, Albert  Biangonga, docteur en Droit international du D\u00e9veloppement,&nbsp; se passionne  pour la photographie depuis plus d\u2019une vingtaine d\u2019ann\u00e9es. Il vit et  travaille en tant qu\u2019enseignant en R\u00e9gion Parisienne.<\/p>\n\n\n\n<p>Ce sont les fleurs qui ont, les premi\u00e8res, captiv\u00e9 son\n regard. Et c\u2019est l\u2019air, la for\u00eat et les reflets des arbres dans l\u2019eau \nqui ont vraiment transformer son art. Toujours \u00e0 la recherche de la \nlumi\u00e8re comme expression de l\u2019Energie Universelle, l\u2019artiste nous livre \nune \u0153uvre instantan\u00e9e o\u00f9 les formes dansent en toute authenticit\u00e9.\u200b<\/p>\n\n\n\n<p>Pour l\u2019artiste, la photographie s\u2019est progressivement \nr\u00e9v\u00e9l\u00e9e comme un cheminement de l\u2019\u00eatre vers l\u2019Unicit\u00e9 du monde, et de \nl\u2019Univers lui-m\u00eame vu comme un Champ unifi\u00e9 de vibrations o\u00f9 l\u2019Amour, la\n beaut\u00e9, la joie et la libert\u00e9 sont les principaux constituants de tout \n\u00eatre.\u200b<\/p>\n\n\n\n<p>L\u2019objet photographi\u00e9 est donc v\u00e9cu comme une rencontre exceptionnelle et infinie avec soi-m\u00eame.\u200b<\/p>\n\n\n\n<p>\u200bAutodidacte, l\u2019artiste franco-congolais a, de nombreuses fois expos\u00e9 ses \u0153uvres aux Maisons de l\u2019Environnement et du D\u00e9veloppement durable de l\u2019A\u00e9roport de Paris (Orly et Roissy) de 2007 \u00e0 2013.\u200b<\/p>\n\n\n\n<p>Il a \u00e9galement montr\u00e9 ses \u0153uvres \u00e0 Savigny-Le-Temple  (Ch\u00e2teau de la Pr\u00e9vot\u00e9 (novembre 2013) et Centre culturel  Jacques\u2013Pr\u00e9vert (mai-juillet 2018).\u200b<\/p>\n\n\n\n<p>Le public a pu admirer ses photographies au Salon Business Art de Paris (15-21 octobre 2018).\u200b<\/p>\n\n\n\n<p>Il vient de terminer une exposition avec l\u2019International Art gallery au Village Suisse (15-19 novembre 2018).\u200b<\/p>\n\n\n\n<p>Avec \u00ab\u00a0L&rsquo;Homme dans la Cit\u00e9\u00a0\u00bb, une photo de 120x80cm, l&rsquo;artiste a particip\u00e9 avec Les Artistes Ind\u00e9pendants \u00e0 ART CAPITAL, Grand Palais, Paris 75008 (12-17 F\u00e9vrier 2019). <\/p>\n","protected":false},"excerpt":{"rendered":"<p>N\u00e9 \u00e0 Mindouli, R\u00e9publique du Congo, Albert Biangonga, docteur en Droit international du D\u00e9veloppement,&nbsp; se passionne pour la photographie depuis plus d\u2019une vingtaine d\u2019ann\u00e9es. Il vit et travaille en tant qu\u2019enseignant en R\u00e9gion Parisienne. Ce sont les fleurs qui ont, les premi\u00e8res, captiv\u00e9 son regard. Et c\u2019est l\u2019air, la for\u00eat et les reflets des arbres [&hellip;]<\/p>\n","protected":false},"author":1,"featured_media":0,"parent":0,"menu_order":4,"comment_status":"closed","ping_status":"closed","template":"","meta":{"footnotes":""},"class_list":["post-2","page","type-page","status-publish","hentry"],"_links":{"self":[{"href":"https:\/\/albertbiangonga.cf\/site\/wp-json\/wp\/v2\/pages\/2","targetHints":{"allow":["GET"]}}],"collection":[{"href":"https:\/\/albertbiangonga.cf\/site\/wp-json\/wp\/v2\/pages"}],"about":[{"href":"https:\/\/albertbiangonga.cf\/site\/wp-json\/wp\/v2\/types\/page"}],"author":[{"embeddable":true,"href":"https:\/\/albertbiangonga.cf\/site\/wp-json\/wp\/v2\/users\/1"}],"replies":[{"embeddable":true,"href":"https:\/\/albertbiangonga.cf\/site\/wp-json\/wp\/v2\/comments?post=2"}],"version-history":[{"count":10,"href":"https:\/\/albertbiangonga.cf\/site\/wp-json\/wp\/v2\/pages\/2\/revisions"}],"predecessor-version":[{"id":381,"href":"https:\/\/albertbiangonga.cf\/site\/wp-json\/wp\/v2\/pages\/2\/revisions\/381"}],"wp:attachment":[{"href":"https:\/\/albertbiangonga.cf\/site\/wp-json\/wp\/v2\/media?parent=2"}],"curies":[{"name":"wp","href":"https:\/\/api.w.org\/{rel}","templated":true}]}}