{"id":353,"date":"2019-08-22T18:58:54","date_gmt":"2019-08-22T18:58:54","guid":{"rendered":"https:\/\/albertbiangonga.cf\/site\/?page_id=353"},"modified":"2019-08-22T19:06:57","modified_gmt":"2019-08-22T19:06:57","slug":"353-2","status":"publish","type":"page","link":"https:\/\/albertbiangonga.cf\/site\/","title":{"rendered":"Accueil"},"content":{"rendered":"\n<p>             Bienvenue \u00e0 toutes et tous. Albert Biangonga est un passionn\u00e9 d&rsquo;art, artiste photographe, peintre et acteur. Sur ce site, vous pourrez suivre son actualit\u00e9 et d\u00e9couvrir ses cr\u00e9ations. <\/p>\n\n\n\n<div class=\"wp-block-image\"><figure class=\"aligncenter is-resized\"><img loading=\"lazy\" decoding=\"async\" src=\"https:\/\/albertbiangonga.cf\/site\/wp-content\/uploads\/2019\/08\/NSamina-1024x678.jpg\" alt=\"\" class=\"wp-image-358\" width=\"472\" height=\"312\" srcset=\"https:\/\/albertbiangonga.cf\/site\/wp-content\/uploads\/2019\/08\/NSamina.jpg 1024w, https:\/\/albertbiangonga.cf\/site\/wp-content\/uploads\/2019\/08\/NSamina-300x199.jpg 300w, https:\/\/albertbiangonga.cf\/site\/wp-content\/uploads\/2019\/08\/NSamina-768x509.jpg 768w, https:\/\/albertbiangonga.cf\/site\/wp-content\/uploads\/2019\/08\/NSamina-690x457.jpg 690w, https:\/\/albertbiangonga.cf\/site\/wp-content\/uploads\/2019\/08\/NSamina-980x649.jpg 980w\" sizes=\"auto, (max-width: 472px) 100vw, 472px\" \/><\/figure><\/div>\n\n\n\n<p style=\"text-align:center\">                    \u00ab\u00a0Qu&rsquo;est-ce que la po\u00e9sie? Une pens\u00e9e dans une image\u00a0\u00bb.                               Johann Wolfgang Von Goethe <\/p>\n\n\n\n<p><\/p>\n\n\n\n<p>           <\/p>\n","protected":false},"excerpt":{"rendered":"<p>Bienvenue \u00e0 toutes et tous. Albert Biangonga est un passionn\u00e9 d&rsquo;art, artiste photographe, peintre et acteur. Sur ce site, vous pourrez suivre son actualit\u00e9 et d\u00e9couvrir ses cr\u00e9ations. \u00ab\u00a0Qu&rsquo;est-ce que la po\u00e9sie? Une pens\u00e9e dans une image\u00a0\u00bb. Johann Wolfgang Von Goethe<\/p>\n","protected":false},"author":1,"featured_media":0,"parent":0,"menu_order":0,"comment_status":"closed","ping_status":"closed","template":"","meta":{"footnotes":""},"class_list":["post-353","page","type-page","status-publish","hentry"],"_links":{"self":[{"href":"https:\/\/albertbiangonga.cf\/site\/wp-json\/wp\/v2\/pages\/353","targetHints":{"allow":["GET"]}}],"collection":[{"href":"https:\/\/albertbiangonga.cf\/site\/wp-json\/wp\/v2\/pages"}],"about":[{"href":"https:\/\/albertbiangonga.cf\/site\/wp-json\/wp\/v2\/types\/page"}],"author":[{"embeddable":true,"href":"https:\/\/albertbiangonga.cf\/site\/wp-json\/wp\/v2\/users\/1"}],"replies":[{"embeddable":true,"href":"https:\/\/albertbiangonga.cf\/site\/wp-json\/wp\/v2\/comments?post=353"}],"version-history":[{"count":9,"href":"https:\/\/albertbiangonga.cf\/site\/wp-json\/wp\/v2\/pages\/353\/revisions"}],"predecessor-version":[{"id":366,"href":"https:\/\/albertbiangonga.cf\/site\/wp-json\/wp\/v2\/pages\/353\/revisions\/366"}],"wp:attachment":[{"href":"https:\/\/albertbiangonga.cf\/site\/wp-json\/wp\/v2\/media?parent=353"}],"curies":[{"name":"wp","href":"https:\/\/api.w.org\/{rel}","templated":true}]}}